{"id":129,"date":"2023-07-11T14:24:24","date_gmt":"2023-07-11T17:24:24","guid":{"rendered":"https:\/\/infortecbv.com.br\/?post_type=product&#038;p=129"},"modified":"2026-01-17T19:51:48","modified_gmt":"2026-01-17T22:51:48","slug":"headset-vision","status":"publish","type":"product","link":"https:\/\/infortecbv.com.br\/index.php\/product\/headset-vision\/","title":{"rendered":"HEADSET VISION"},"content":{"rendered":"<p>Fone de alta durabilidade e conforto, compat\u00edvel com celular, pc, Notebook, PS4 e xbox, perfeito para ter a maior imers\u00e3o poss\u00edvel nos jogos.<\/p>\n<p>N\u00e3o perca nenhum detalhe do seu jogo, ou\u00e7a o barulho da \u00e1gua, dos passos, de um personagem, do motor de um carro, etc<\/p>\n<p>Com este fone, a qualidade do som do seu jogo estar\u00e1 mais realista.<\/p>\n<p>Som de alta qualidade, permitindo mais imers\u00e3o em seu jogo, microfone de alta qualidade e sensibilidade.<\/p>\n<p>Tamb\u00e9m \u00e9 indicado para uso em chamadas via softwares como.: Skype, Softfones, Xlite, Zoiper entre outros.<\/p>\n<p>o fone de ouvido \u00e9 especialmente perfeito para o jogador em busca de um som de jogo incr\u00edvel. voc\u00ea n\u00e3o sentir\u00e1 falta de sua habilidade requintada e apar\u00eancia elegante.<br \/>\nsua apar\u00eancia legal de camuflagem faz com que voc\u00ea esteja no centro das aten\u00e7\u00f5es. estes auscultadores concebidos para transmitir som base v\u00edvido e cancelamento de ru\u00eddo<br \/>\nreal. com o fone de ouvido, voc\u00ea saber\u00e1 exatamente onde est\u00e1 o inimigo, para garantir sua vit\u00f3ria. n\u00e3o s\u00f3 a clareza do som, mas tamb\u00e9m o conforto de usar.<\/p>\n<p>melhor fone de ouvido para jogos para voc\u00ea!<\/p>\n<p>compat\u00edvel com ps4, x-one<\/p>\n<p>sem fio: n\u00e3o<br \/>\nbluetooth: n\u00e3o<br \/>\nmicrofone: sim<br \/>\ncomprimento do cabo: 1.3 m<br \/>\ngamer: sim<br \/>\ncancelamento de ru\u00eddo: sim<\/p>\n<p>especifica\u00e7\u00f5es:<br \/>\n&#8211; canais 7.1<br \/>\n&#8211; \u00e1udio est\u00e9reo<br \/>\n&#8211; unidade de voz 40mm<br \/>\n&#8211; conector: p2 3.5mm<\/p>\n","protected":false},"excerpt":{"rendered":"<p>Fone de alta durabilidade e conforto, compat\u00edvel com celular, pc, Notebook, PS4 e xbox, perfeito para ter a maior imers\u00e3o poss\u00edvel nos jogos. N\u00e3o perca nenhum detalhe do seu jogo, ou\u00e7a o barulho da \u00e1gua, dos passos, de um personagem, do motor de um carro, etc Com este fone, a qualidade do som do seu [&hellip;]<\/p>\n","protected":false},"featured_media":130,"comment_status":"open","ping_status":"closed","template":"","meta":[],"product_brand":[],"product_cat":[36],"product_tag":[],"class_list":{"0":"post-129","1":"product","2":"type-product","3":"status-publish","4":"has-post-thumbnail","6":"product_cat-fones-com-fio","8":"first","9":"instock","10":"shipping-taxable","11":"purchasable","12":"product-type-simple"},"_links":{"self":[{"href":"https:\/\/infortecbv.com.br\/index.php\/wp-json\/wp\/v2\/product\/129","targetHints":{"allow":["GET"]}}],"collection":[{"href":"https:\/\/infortecbv.com.br\/index.php\/wp-json\/wp\/v2\/product"}],"about":[{"href":"https:\/\/infortecbv.com.br\/index.php\/wp-json\/wp\/v2\/types\/product"}],"replies":[{"embeddable":true,"href":"https:\/\/infortecbv.com.br\/index.php\/wp-json\/wp\/v2\/comments?post=129"}],"wp:featuredmedia":[{"embeddable":true,"href":"https:\/\/infortecbv.com.br\/index.php\/wp-json\/wp\/v2\/media\/130"}],"wp:attachment":[{"href":"https:\/\/infortecbv.com.br\/index.php\/wp-json\/wp\/v2\/media?parent=129"}],"wp:term":[{"taxonomy":"product_brand","embeddable":true,"href":"https:\/\/infortecbv.com.br\/index.php\/wp-json\/wp\/v2\/product_brand?post=129"},{"taxonomy":"product_cat","embeddable":true,"href":"https:\/\/infortecbv.com.br\/index.php\/wp-json\/wp\/v2\/product_cat?post=129"},{"taxonomy":"product_tag","embeddable":true,"href":"https:\/\/infortecbv.com.br\/index.php\/wp-json\/wp\/v2\/product_tag?post=129"}],"curies":[{"name":"wp","href":"https:\/\/api.w.org\/{rel}","templated":true}]}}