{"id":141,"date":"2023-07-13T14:30:40","date_gmt":"2023-07-13T17:30:40","guid":{"rendered":"https:\/\/infortecbv.com.br\/?post_type=product&#038;p=141"},"modified":"2025-10-31T22:57:42","modified_gmt":"2025-11-01T01:57:42","slug":"fone-de-ouvido-sem-fio-true-wireless-headset-t88","status":"publish","type":"product","link":"https:\/\/infortecbv.com.br\/index.php\/product\/fone-de-ouvido-sem-fio-true-wireless-headset-t88\/","title":{"rendered":"FONE DE OUVIDO SEM FIO  TRUE WIRELESS HEADSET T88"},"content":{"rendered":"<ul class=\"a-unordered-list a-vertical a-spacing-mini\">\n<li class=\"a-spacing-mini\"><span class=\"a-list-item\">Emparelhamento autom\u00e1tico de uma etapa e controle f\u00e1cil de um bot\u00e3o: basta pegar os fones de ouvido bluetooth sem fio, eles ser\u00e3o emparelhados automaticamente e voc\u00ea estar\u00e1 no seu mundo da m\u00fasica em alguns segundos<\/span><\/li>\n<li class=\"a-spacing-mini\"><span class=\"a-list-item\">Os fones de ouvido desligam e carregam automaticamente quando s\u00e3o colocados de volta no estojo de carregamento. Cada fone de ouvido esportivo tem fun\u00e7\u00e3o de atender\/rejeitar telefone, ajuste de volume, alternar m\u00fasica, assistente de voz. Liberte suas m\u00e3os completamente quando estiver ocupado fazendo exerc\u00edcios, andando de bicicleta, dirigindo ou correndo.<\/span><\/li>\n<li class=\"a-spacing-mini\"><span class=\"a-list-item\">Excelente som est\u00e9reo &#8211; Os fones de ouvido sem fio Hotelife integrados com chip de qualidade de som claro e driver din\u00e2mico de alta fidelidade podem fornecer graves potentes e qualidade de som incr\u00edvel.<\/span><\/li>\n<li class=\"a-spacing-mini\"><span class=\"a-list-item\">Ao contr\u00e1rio de outros fones de ouvido sem fio inseridos diretamente em seus ouvidos, voc\u00ea pode girar e inserir o ouvido obl\u00edquo, eles cercar\u00e3o seus ouvidos firmemente sem press\u00e3o. Eles se encaixam bem nos ouvidos e s\u00e3o f\u00e1ceis de colocar e tirar, voc\u00ea n\u00e3o tem medo de perd\u00ea-los ao mover a cabe\u00e7a com muita for\u00e7a.<\/span><\/li>\n<li class=\"a-spacing-mini\"><span class=\"a-list-item\">Reprodutor de m\u00eddia port\u00e1til, telefone celular, avia\u00e7\u00e3o, computador, esportes, audi\u00f3filo, viagens, Internet, iPod, fun\u00e7\u00e3o de fone de ouvido de alta fidelidade, excelente desempenho de chamadas.<\/span><\/li>\n<li>\n<table id=\"productDetails_techSpec_section_1\" class=\"a-keyvalue prodDetTable\" role=\"presentation\">\n<tbody>\n<tr>\n<th class=\"a-color-secondary a-size-base prodDetSectionEntry\">Marca<\/th>\n<td class=\"a-size-base prodDetAttrValue\">\u200eGeneric<\/td>\n<\/tr>\n<tr>\n<th class=\"a-color-secondary a-size-base prodDetSectionEntry\">Fabricante<\/th>\n<td class=\"a-size-base prodDetAttrValue\">\u200eGeneric<\/td>\n<\/tr>\n<tr>\n<th class=\"a-color-secondary a-size-base prodDetSectionEntry\">Modelo<\/th>\n<td class=\"a-size-base prodDetAttrValue\">\u200eT88<\/td>\n<\/tr>\n<tr>\n<th class=\"a-color-secondary a-size-base prodDetSectionEntry\">Nome do modelo<\/th>\n<td class=\"a-size-base prodDetAttrValue\">\u200eT88<\/td>\n<\/tr>\n<tr>\n<th class=\"a-color-secondary a-size-base prodDetSectionEntry\">N\u00famero da pe\u00e7a<\/th>\n<td class=\"a-size-base prodDetAttrValue\">\u200elmt-T88-fen<\/td>\n<\/tr>\n<tr>\n<th class=\"a-color-secondary a-size-base prodDetSectionEntry\">Tipo Do Produto<\/th>\n<td class=\"a-size-base prodDetAttrValue\">\u200eEletr\u00f4nicos<\/td>\n<\/tr>\n<tr>\n<th class=\"a-color-secondary a-size-base prodDetSectionEntry\">Fator de forma do fone de ouvido<\/th>\n<td class=\"a-size-base prodDetAttrValue\">\u200eDentro da orelha<\/td>\n<\/tr>\n<tr>\n<th class=\"a-color-secondary a-size-base prodDetSectionEntry\">Tipo de fonte de energia<\/th>\n<td class=\"a-size-base prodDetAttrValue\">\u200eBateria<\/td>\n<\/tr>\n<tr>\n<th class=\"a-color-secondary a-size-base prodDetSectionEntry\">Caracter\u00edstica de cabo ou fio<\/th>\n<td class=\"a-size-base prodDetAttrValue\">\u200eSem cabo<\/td>\n<\/tr>\n<tr>\n<th class=\"a-color-secondary a-size-base prodDetSectionEntry\">Tecnologia de conex\u00e3o<\/th>\n<td class=\"a-size-base prodDetAttrValue\">\u200eSem fio<\/td>\n<\/tr>\n<tr>\n<th class=\"a-color-secondary a-size-base prodDetSectionEntry\">Bateria recarreg\u00e1vel<\/th>\n<td class=\"a-size-base prodDetAttrValue\">\u200eSim<\/td>\n<\/tr>\n<tr>\n<th class=\"a-color-secondary a-size-base prodDetSectionEntry\">Cor<\/th>\n<td class=\"a-size-base prodDetAttrValue\">\u200eRosa<\/td>\n<\/tr>\n<tr>\n<th class=\"a-color-secondary a-size-base prodDetSectionEntry\">Cor correspondente<\/th>\n<td class=\"a-size-base prodDetAttrValue\">\u200eRosa<\/td>\n<\/tr>\n<tr>\n<th class=\"a-color-secondary a-size-base prodDetSectionEntry\">Conex\u00f5es<\/th>\n<td class=\"a-size-base prodDetAttrValue\">\u200eSem fio Bluetooth<\/td>\n<\/tr>\n<tr>\n<th class=\"a-color-secondary a-size-base prodDetSectionEntry\">Dist\u00e2ncia focal m\u00e1xima<\/th>\n<td class=\"a-size-base prodDetAttrValue\">\u200eUSB tipo C<\/td>\n<\/tr>\n<tr>\n<th class=\"a-color-secondary a-size-base prodDetSectionEntry\">N\u00famero do modelo<\/th>\n<td class=\"a-size-base prodDetAttrValue\">\u200eT88<\/td>\n<\/tr>\n<\/tbody>\n<\/table>\n<\/li>\n<\/ul>\n","protected":false},"excerpt":{"rendered":"<p>Emparelhamento autom\u00e1tico de uma etapa e controle f\u00e1cil de um bot\u00e3o: basta pegar os fones de ouvido bluetooth sem fio, eles ser\u00e3o emparelhados automaticamente e voc\u00ea estar\u00e1 no seu mundo da m\u00fasica em alguns segundos Os fones de ouvido desligam e carregam automaticamente quando s\u00e3o colocados de volta no estojo de carregamento. Cada fone de [&hellip;]<\/p>\n","protected":false},"featured_media":142,"comment_status":"open","ping_status":"closed","template":"","meta":[],"product_brand":[],"product_cat":[37],"product_tag":[],"class_list":{"0":"post-141","1":"product","2":"type-product","3":"status-publish","4":"has-post-thumbnail","6":"product_cat-fones-bluetooth","8":"first","9":"instock","10":"shipping-taxable","11":"purchasable","12":"product-type-simple"},"_links":{"self":[{"href":"https:\/\/infortecbv.com.br\/index.php\/wp-json\/wp\/v2\/product\/141","targetHints":{"allow":["GET"]}}],"collection":[{"href":"https:\/\/infortecbv.com.br\/index.php\/wp-json\/wp\/v2\/product"}],"about":[{"href":"https:\/\/infortecbv.com.br\/index.php\/wp-json\/wp\/v2\/types\/product"}],"replies":[{"embeddable":true,"href":"https:\/\/infortecbv.com.br\/index.php\/wp-json\/wp\/v2\/comments?post=141"}],"wp:featuredmedia":[{"embeddable":true,"href":"https:\/\/infortecbv.com.br\/index.php\/wp-json\/wp\/v2\/media\/142"}],"wp:attachment":[{"href":"https:\/\/infortecbv.com.br\/index.php\/wp-json\/wp\/v2\/media?parent=141"}],"wp:term":[{"taxonomy":"product_brand","embeddable":true,"href":"https:\/\/infortecbv.com.br\/index.php\/wp-json\/wp\/v2\/product_brand?post=141"},{"taxonomy":"product_cat","embeddable":true,"href":"https:\/\/infortecbv.com.br\/index.php\/wp-json\/wp\/v2\/product_cat?post=141"},{"taxonomy":"product_tag","embeddable":true,"href":"https:\/\/infortecbv.com.br\/index.php\/wp-json\/wp\/v2\/product_tag?post=141"}],"curies":[{"name":"wp","href":"https:\/\/api.w.org\/{rel}","templated":true}]}}