{"id":160,"date":"2023-07-13T15:18:00","date_gmt":"2023-07-13T18:18:00","guid":{"rendered":"https:\/\/infortecbv.com.br\/?post_type=product&#038;p=160"},"modified":"2025-10-31T23:13:12","modified_gmt":"2025-11-01T02:13:12","slug":"relogio-feminino-es095-atrio-x","status":"publish","type":"product","link":"https:\/\/infortecbv.com.br\/index.php\/product\/relogio-feminino-es095-atrio-x\/","title":{"rendered":"RELOGIO FEMININO ES095 ATRIO X"},"content":{"rendered":"<p><strong>Rel\u00f3gio Feminino Cooper Cinza\/Azul ES095 Atrio<\/strong>\u00a0Para se manter em forma e contar com um acess\u00f3rio bonito e funcional para a hora de praticar esportes, escolha o Rel\u00f3gio Feminino Cooper Azul, modelo que \u00e9 perfeito para o dia a dia e conta ainda com diversas fun\u00e7\u00f5es sob medida para quem \u00e9 fitness. Resistente a uma profundidade de at\u00e9 50m, o Rel\u00f3gio Cooper Azul da Atrio \u00e9 digital e apresenta fun\u00e7\u00e3o alarme, cron\u00f4metro e contagem regressiva, al\u00e9m de luz de fundo e pulseira emborrachada, garantindo conforto e praticidade para monitorar seus exerc\u00edcios.<\/p>\n","protected":false},"excerpt":{"rendered":"<p>Rel\u00f3gio Feminino Cooper Cinza\/Azul ES095 Atrio\u00a0Para se manter em forma e contar com um acess\u00f3rio bonito e funcional para a hora de praticar esportes, escolha o Rel\u00f3gio Feminino Cooper Azul, modelo que \u00e9 perfeito para o dia a dia e conta ainda com diversas fun\u00e7\u00f5es sob medida para quem \u00e9 fitness. Resistente a uma profundidade [&hellip;]<\/p>\n","protected":false},"featured_media":161,"comment_status":"open","ping_status":"closed","template":"","meta":[],"product_brand":[],"product_cat":[38],"product_tag":[],"class_list":{"0":"post-160","1":"product","2":"type-product","3":"status-publish","4":"has-post-thumbnail","6":"product_cat-relogios-smartwatch","8":"first","9":"instock","10":"shipping-taxable","11":"purchasable","12":"product-type-simple"},"_links":{"self":[{"href":"https:\/\/infortecbv.com.br\/index.php\/wp-json\/wp\/v2\/product\/160","targetHints":{"allow":["GET"]}}],"collection":[{"href":"https:\/\/infortecbv.com.br\/index.php\/wp-json\/wp\/v2\/product"}],"about":[{"href":"https:\/\/infortecbv.com.br\/index.php\/wp-json\/wp\/v2\/types\/product"}],"replies":[{"embeddable":true,"href":"https:\/\/infortecbv.com.br\/index.php\/wp-json\/wp\/v2\/comments?post=160"}],"wp:featuredmedia":[{"embeddable":true,"href":"https:\/\/infortecbv.com.br\/index.php\/wp-json\/wp\/v2\/media\/161"}],"wp:attachment":[{"href":"https:\/\/infortecbv.com.br\/index.php\/wp-json\/wp\/v2\/media?parent=160"}],"wp:term":[{"taxonomy":"product_brand","embeddable":true,"href":"https:\/\/infortecbv.com.br\/index.php\/wp-json\/wp\/v2\/product_brand?post=160"},{"taxonomy":"product_cat","embeddable":true,"href":"https:\/\/infortecbv.com.br\/index.php\/wp-json\/wp\/v2\/product_cat?post=160"},{"taxonomy":"product_tag","embeddable":true,"href":"https:\/\/infortecbv.com.br\/index.php\/wp-json\/wp\/v2\/product_tag?post=160"}],"curies":[{"name":"wp","href":"https:\/\/api.w.org\/{rel}","templated":true}]}}