{"id":168,"date":"2023-07-13T15:37:59","date_gmt":"2023-07-13T18:37:59","guid":{"rendered":"https:\/\/infortecbv.com.br\/?post_type=product&#038;p=168"},"modified":"2026-01-17T19:55:18","modified_gmt":"2026-01-17T22:55:18","slug":"relogio-inteligente-w54","status":"publish","type":"product","link":"https:\/\/infortecbv.com.br\/index.php\/product\/relogio-inteligente-w54\/","title":{"rendered":"REL\u00d3GIO INTELIGENTE W54"},"content":{"rendered":"<p>Rel\u00f3gio Smartwatch W54\/55 Iwho 12 Tela 44m Infinita E Troca Pulseira Serie 5 RosaApresenta\u00e7\u00e3o do produto:Fun\u00e7\u00f5es:Medidores: frequ\u00eancia card\u00edaca, bp e ecg.Telefone: Discagem, atende liga\u00e7\u00f5es, \u00e9 poss\u00edvel falar diretamente no rel\u00f3gio, Lista telef\u00f4nica, recebe SMS.Som: pode controlar suas m\u00fasicas e ajustar o volume.Bluetooth push: receba notifica\u00e7\u00f5es de redes sociais Ped\u00f4metro: passos de exerc\u00edcio, consumo de calorias, registro de quilometragem de exerc\u00edcio.C\u00e2mera remota: tire lindas fotos com apenas um toque.Encontre telefone: ache seu celular atrav\u00e9s desta fun\u00e7\u00e3o.Monitor de sono: o rel\u00f3gio inteligente liga-o automaticamente das 9h \u00e0s 9h e registra a dura\u00e7\u00e3o e a qualidade do sono.Outras fun\u00e7\u00f5es: despertador, calend\u00e1rio, cron\u00f4metro e calculadora.Especifica\u00e7\u00f5es:Chipset: MTK2502DTamanho: 44*38*10.7mmMaterial da caixa: liga de zincoPulseira: 42\/44mmCarregador: carregador de pino magn\u00e9tico (USB)Tela: 1.75 hd ips, 320*385Vers\u00e3o bluetooth: 3.0, 4.0Bateria: 220mah bateria de pol\u00edmero de l\u00edtio de grande capacidade<\/p>\n","protected":false},"excerpt":{"rendered":"<p>Rel\u00f3gio Smartwatch W54\/55 Iwho 12 Tela 44m Infinita E Troca Pulseira Serie 5 RosaApresenta\u00e7\u00e3o do produto:Fun\u00e7\u00f5es:Medidores: frequ\u00eancia card\u00edaca, bp e ecg.Telefone: Discagem, atende liga\u00e7\u00f5es, \u00e9 poss\u00edvel falar diretamente no rel\u00f3gio, Lista telef\u00f4nica, recebe SMS.Som: pode controlar suas m\u00fasicas e ajustar o volume.Bluetooth push: receba notifica\u00e7\u00f5es de redes sociais Ped\u00f4metro: passos de exerc\u00edcio, consumo de calorias, [&hellip;]<\/p>\n","protected":false},"featured_media":169,"comment_status":"open","ping_status":"closed","template":"","meta":[],"product_brand":[],"product_cat":[38],"product_tag":[],"class_list":{"0":"post-168","1":"product","2":"type-product","3":"status-publish","4":"has-post-thumbnail","6":"product_cat-relogios-smartwatch","8":"first","9":"instock","10":"sale","11":"shipping-taxable","12":"purchasable","13":"product-type-simple"},"_links":{"self":[{"href":"https:\/\/infortecbv.com.br\/index.php\/wp-json\/wp\/v2\/product\/168","targetHints":{"allow":["GET"]}}],"collection":[{"href":"https:\/\/infortecbv.com.br\/index.php\/wp-json\/wp\/v2\/product"}],"about":[{"href":"https:\/\/infortecbv.com.br\/index.php\/wp-json\/wp\/v2\/types\/product"}],"replies":[{"embeddable":true,"href":"https:\/\/infortecbv.com.br\/index.php\/wp-json\/wp\/v2\/comments?post=168"}],"wp:featuredmedia":[{"embeddable":true,"href":"https:\/\/infortecbv.com.br\/index.php\/wp-json\/wp\/v2\/media\/169"}],"wp:attachment":[{"href":"https:\/\/infortecbv.com.br\/index.php\/wp-json\/wp\/v2\/media?parent=168"}],"wp:term":[{"taxonomy":"product_brand","embeddable":true,"href":"https:\/\/infortecbv.com.br\/index.php\/wp-json\/wp\/v2\/product_brand?post=168"},{"taxonomy":"product_cat","embeddable":true,"href":"https:\/\/infortecbv.com.br\/index.php\/wp-json\/wp\/v2\/product_cat?post=168"},{"taxonomy":"product_tag","embeddable":true,"href":"https:\/\/infortecbv.com.br\/index.php\/wp-json\/wp\/v2\/product_tag?post=168"}],"curies":[{"name":"wp","href":"https:\/\/api.w.org\/{rel}","templated":true}]}}