{"id":205,"date":"2023-07-18T09:21:38","date_gmt":"2023-07-18T12:21:38","guid":{"rendered":"https:\/\/infortecbv.com.br\/?post_type=product&#038;p=205"},"modified":"2026-01-17T19:50:55","modified_gmt":"2026-01-17T22:50:55","slug":"fone-intra-auricular-c-micro-fon-10032-inova","status":"publish","type":"product","link":"https:\/\/infortecbv.com.br\/index.php\/product\/fone-intra-auricular-c-micro-fon-10032-inova\/","title":{"rendered":"FONE INTRA-AURICULAR C\/ MICRO FON-10032 INOVA"},"content":{"rendered":"<p>Fone De Ouvido Com Microfone Inova Fon-10032<\/p>\n<p>Fone de ouvido com microfone para celulares, compat\u00edvel com v\u00e1rias marcas de modelos de celulares.<br \/>\nExcelente fone de ouvido, conex\u00e3o p2.<\/p>\n<p>Sem ru\u00eddos,<br \/>\nRef; em00024<br \/>\nMarca: lelong<br \/>\nModelo: le-0201<br \/>\nModelo alfanum\u00e9rico: lelong le-0201<br \/>\nFrequ\u00eancia: 20hz\/20khz<br \/>\n1,2mmtpe flate cable<br \/>\nFormato: in-ear<\/p>\n<p>Com recep\u00e7\u00e3o sem fio: n\u00e3o<br \/>\nCom bluetooth: n\u00e3o<br \/>\nInclui microfone: sim<\/p>\n<p>Especifica\u00e7\u00f5es:<br \/>\n&#8211; di\u00e2metro falante 10mm<br \/>\n&#8211; frequ\u00eancia: 20hz-20khz<br \/>\n&#8211; sensibilidade: 92db 3db<br \/>\n&#8211; fio flat cabe: 1.2m<br \/>\n&#8211; pino: 3.5mm<\/p>\n<p>Inclui:<br \/>\n01 x fone de ouvido<br \/>\n02 x buchas<\/p>\n","protected":false},"excerpt":{"rendered":"<p>Fone De Ouvido Com Microfone Inova Fon-10032 Fone de ouvido com microfone para celulares, compat\u00edvel com v\u00e1rias marcas de modelos de celulares. Excelente fone de ouvido, conex\u00e3o p2. Sem ru\u00eddos, Ref; em00024 Marca: lelong Modelo: le-0201 Modelo alfanum\u00e9rico: lelong le-0201 Frequ\u00eancia: 20hz\/20khz 1,2mmtpe flate cable Formato: in-ear Com recep\u00e7\u00e3o sem fio: n\u00e3o Com bluetooth: n\u00e3o [&hellip;]<\/p>\n","protected":false},"featured_media":206,"comment_status":"open","ping_status":"closed","template":"","meta":[],"product_brand":[],"product_cat":[36],"product_tag":[],"class_list":{"0":"post-205","1":"product","2":"type-product","3":"status-publish","4":"has-post-thumbnail","6":"product_cat-fones-com-fio","8":"first","9":"instock","10":"sale","11":"shipping-taxable","12":"purchasable","13":"product-type-simple"},"_links":{"self":[{"href":"https:\/\/infortecbv.com.br\/index.php\/wp-json\/wp\/v2\/product\/205","targetHints":{"allow":["GET"]}}],"collection":[{"href":"https:\/\/infortecbv.com.br\/index.php\/wp-json\/wp\/v2\/product"}],"about":[{"href":"https:\/\/infortecbv.com.br\/index.php\/wp-json\/wp\/v2\/types\/product"}],"replies":[{"embeddable":true,"href":"https:\/\/infortecbv.com.br\/index.php\/wp-json\/wp\/v2\/comments?post=205"}],"wp:featuredmedia":[{"embeddable":true,"href":"https:\/\/infortecbv.com.br\/index.php\/wp-json\/wp\/v2\/media\/206"}],"wp:attachment":[{"href":"https:\/\/infortecbv.com.br\/index.php\/wp-json\/wp\/v2\/media?parent=205"}],"wp:term":[{"taxonomy":"product_brand","embeddable":true,"href":"https:\/\/infortecbv.com.br\/index.php\/wp-json\/wp\/v2\/product_brand?post=205"},{"taxonomy":"product_cat","embeddable":true,"href":"https:\/\/infortecbv.com.br\/index.php\/wp-json\/wp\/v2\/product_cat?post=205"},{"taxonomy":"product_tag","embeddable":true,"href":"https:\/\/infortecbv.com.br\/index.php\/wp-json\/wp\/v2\/product_tag?post=205"}],"curies":[{"name":"wp","href":"https:\/\/api.w.org\/{rel}","templated":true}]}}