{"id":208,"date":"2023-07-18T09:25:47","date_gmt":"2023-07-18T12:25:47","guid":{"rendered":"https:\/\/infortecbv.com.br\/?post_type=product&#038;p=208"},"modified":"2026-01-17T19:49:57","modified_gmt":"2026-01-17T22:49:57","slug":"fone-de-ouvido-inova-fon-10048","status":"publish","type":"product","link":"https:\/\/infortecbv.com.br\/index.php\/product\/fone-de-ouvido-inova-fon-10048\/","title":{"rendered":"FONE DE OUVIDO INOVA FON-10048"},"content":{"rendered":"<p>Na rua, no \u00f4nibus ou no escrit\u00f3rio, tenha sempre seus fones de ouvido Inova \u00e0 m\u00e3o e afaste-se da rotina por um tempo! Voc\u00ea poder\u00e1 apreciar a m\u00fasica que mais gosta e seus podcasts favoritos quando e onde quiser.<br \/>\nO formato perfeito para voc\u00ea<br \/>\nSendo in-ear, isolam o ru\u00eddo do lado de fora, melhoram a qualidade do \u00e1udio e s\u00e3o de tamanho pequeno para serem inseridos no ouvido.<br \/>\nS\u00e3o ideais para acompanh\u00e1-lo durante o exerc\u00edcio enquanto voc\u00ea desfruta do melhor som surround.<\/p>\n<p>Modelo:FON-10048<br \/>\nMarca:Inova<\/p>\n","protected":false},"excerpt":{"rendered":"<p>Na rua, no \u00f4nibus ou no escrit\u00f3rio, tenha sempre seus fones de ouvido Inova \u00e0 m\u00e3o e afaste-se da rotina por um tempo! Voc\u00ea poder\u00e1 apreciar a m\u00fasica que mais gosta e seus podcasts favoritos quando e onde quiser. O formato perfeito para voc\u00ea Sendo in-ear, isolam o ru\u00eddo do lado de fora, melhoram a [&hellip;]<\/p>\n","protected":false},"featured_media":209,"comment_status":"open","ping_status":"closed","template":"","meta":[],"product_brand":[],"product_cat":[36],"product_tag":[],"class_list":{"0":"post-208","1":"product","2":"type-product","3":"status-publish","4":"has-post-thumbnail","6":"product_cat-fones-com-fio","8":"first","9":"instock","10":"shipping-taxable","11":"purchasable","12":"product-type-simple"},"_links":{"self":[{"href":"https:\/\/infortecbv.com.br\/index.php\/wp-json\/wp\/v2\/product\/208","targetHints":{"allow":["GET"]}}],"collection":[{"href":"https:\/\/infortecbv.com.br\/index.php\/wp-json\/wp\/v2\/product"}],"about":[{"href":"https:\/\/infortecbv.com.br\/index.php\/wp-json\/wp\/v2\/types\/product"}],"replies":[{"embeddable":true,"href":"https:\/\/infortecbv.com.br\/index.php\/wp-json\/wp\/v2\/comments?post=208"}],"wp:featuredmedia":[{"embeddable":true,"href":"https:\/\/infortecbv.com.br\/index.php\/wp-json\/wp\/v2\/media\/209"}],"wp:attachment":[{"href":"https:\/\/infortecbv.com.br\/index.php\/wp-json\/wp\/v2\/media?parent=208"}],"wp:term":[{"taxonomy":"product_brand","embeddable":true,"href":"https:\/\/infortecbv.com.br\/index.php\/wp-json\/wp\/v2\/product_brand?post=208"},{"taxonomy":"product_cat","embeddable":true,"href":"https:\/\/infortecbv.com.br\/index.php\/wp-json\/wp\/v2\/product_cat?post=208"},{"taxonomy":"product_tag","embeddable":true,"href":"https:\/\/infortecbv.com.br\/index.php\/wp-json\/wp\/v2\/product_tag?post=208"}],"curies":[{"name":"wp","href":"https:\/\/api.w.org\/{rel}","templated":true}]}}