{"id":213,"date":"2023-07-18T09:32:11","date_gmt":"2023-07-18T12:32:11","guid":{"rendered":"https:\/\/infortecbv.com.br\/?post_type=product&#038;p=213"},"modified":"2026-03-12T11:21:55","modified_gmt":"2026-03-12T14:21:55","slug":"fone-de-ouvido-pmcell-fo-15","status":"publish","type":"product","link":"https:\/\/infortecbv.com.br\/index.php\/product\/fone-de-ouvido-pmcell-fo-15\/","title":{"rendered":"FONE DE OUVIDO PMCELL FO-15"},"content":{"rendered":"<p><strong><span style=\"vertical-align: inherit;\"><span style=\"vertical-align: inherit;\">Fone De Ouvido Com Fio Est\u00e9reo PMCELL-FO-15<\/span><\/span><\/strong><\/p>\n<p><span style=\"vertical-align: inherit;\"><span style=\"vertical-align: inherit;\">O Fone de Ouvido FO-15 da marca PMCELL, vem com microfone e conex\u00e3o P3 (\u00c1udio e Microfone). <\/span><span style=\"vertical-align: inherit;\">Considerado um produto Premium, traz tecnologias com Extra Pulse, Cabo revestido em TPU de alta qualidade e conector banhado em dourado. <\/span><span style=\"vertical-align: inherit;\">O seu microfone permite atender e finalizar chamadas, podendo tamb\u00e9m controlar volume, trocar de m\u00fasicas.<\/span><\/span><\/p>\n<p><strong><span style=\"vertical-align: inherit;\"><span style=\"vertical-align: inherit;\">Caracter\u00edsticas:<\/span><\/span><\/strong><\/p>\n<ul>\n<li><span style=\"vertical-align: inherit;\"><span style=\"vertical-align: inherit;\">Marca: PMCELL<\/span><\/span><\/li>\n<li><span style=\"vertical-align: inherit;\"><span style=\"vertical-align: inherit;\">Modelo: FO-15<\/span><\/span><\/li>\n<li><span style=\"vertical-align: inherit;\"><span style=\"vertical-align: inherit;\">Cor: Branco<\/span><\/span><\/li>\n<\/ul>\n<p><strong><span style=\"vertical-align: inherit;\"><span style=\"vertical-align: inherit;\">Especifica\u00e7\u00f5es:<\/span><\/span><\/strong><\/p>\n<ul>\n<li><span style=\"vertical-align: inherit;\"><span style=\"vertical-align: inherit;\">Alto-falante com 10mm\/15mm;<\/span><\/span><\/li>\n<li><span style=\"vertical-align: inherit;\"><span style=\"vertical-align: inherit;\">Microfone: 3,0 x 1,5 mm, -62 \u00b1 3db;<\/span><\/span><\/li>\n<li><span style=\"vertical-align: inherit;\"><span style=\"vertical-align: inherit;\">Imped\u00e2ncia: 32 Ohms \u00b1 15% a 1 Khz;<\/span><\/span><\/li>\n<li><span style=\"vertical-align: inherit;\"><span style=\"vertical-align: inherit;\">Sensibilidade &gt; 118dB \u00b1 3dB;<\/span><\/span><\/li>\n<li><span style=\"vertical-align: inherit;\"><span style=\"vertical-align: inherit;\">Frequ\u00eancia: 20 Hz &#8211; 20.000 Hz;<\/span><\/span><\/li>\n<li><span style=\"vertical-align: inherit;\"><span style=\"vertical-align: inherit;\">Comprimento do fio: 1,2m;<\/span><\/span><\/li>\n<li><span style=\"vertical-align: inherit;\"><span style=\"vertical-align: inherit;\">Conector: 3,5mm P3;<\/span><\/span><\/li>\n<li><span style=\"vertical-align: inherit;\"><span style=\"vertical-align: inherit;\">Pot\u00eancia m\u00e1xima: 5Mw;<\/span><\/span><\/li>\n<li><span style=\"vertical-align: inherit;\"><span style=\"vertical-align: inherit;\">Medidas aproximadas da embalagem: 5 cm x 15 cm x 15 cm;<\/span><\/span><\/li>\n<li><span style=\"vertical-align: inherit;\"><span style=\"vertical-align: inherit;\">Peso aproximado da embalagem: 250 gramas.<\/span><\/span><\/li>\n<\/ul>\n","protected":false},"excerpt":{"rendered":"<p>Fone De Ouvido Com Fio Est\u00e9reo PMCELL-FO-15 O Fone de Ouvido FO-15 da marca PMCELL, vem com microfone e conex\u00e3o P3 (\u00c1udio e Microfone). Considerado um produto Premium, traz tecnologias com Extra Pulse, Cabo revestido em TPU de alta qualidade e conector banhado em dourado. O seu microfone permite atender e finalizar chamadas, podendo tamb\u00e9m [&hellip;]<\/p>\n","protected":false},"featured_media":226,"comment_status":"open","ping_status":"closed","template":"","meta":[],"product_brand":[],"product_cat":[36],"product_tag":[],"class_list":{"0":"post-213","1":"product","2":"type-product","3":"status-publish","4":"has-post-thumbnail","6":"product_cat-fones-com-fio","8":"first","9":"instock","10":"shipping-taxable","11":"purchasable","12":"product-type-simple"},"_links":{"self":[{"href":"https:\/\/infortecbv.com.br\/index.php\/wp-json\/wp\/v2\/product\/213","targetHints":{"allow":["GET"]}}],"collection":[{"href":"https:\/\/infortecbv.com.br\/index.php\/wp-json\/wp\/v2\/product"}],"about":[{"href":"https:\/\/infortecbv.com.br\/index.php\/wp-json\/wp\/v2\/types\/product"}],"replies":[{"embeddable":true,"href":"https:\/\/infortecbv.com.br\/index.php\/wp-json\/wp\/v2\/comments?post=213"}],"wp:featuredmedia":[{"embeddable":true,"href":"https:\/\/infortecbv.com.br\/index.php\/wp-json\/wp\/v2\/media\/226"}],"wp:attachment":[{"href":"https:\/\/infortecbv.com.br\/index.php\/wp-json\/wp\/v2\/media?parent=213"}],"wp:term":[{"taxonomy":"product_brand","embeddable":true,"href":"https:\/\/infortecbv.com.br\/index.php\/wp-json\/wp\/v2\/product_brand?post=213"},{"taxonomy":"product_cat","embeddable":true,"href":"https:\/\/infortecbv.com.br\/index.php\/wp-json\/wp\/v2\/product_cat?post=213"},{"taxonomy":"product_tag","embeddable":true,"href":"https:\/\/infortecbv.com.br\/index.php\/wp-json\/wp\/v2\/product_tag?post=213"}],"curies":[{"name":"wp","href":"https:\/\/api.w.org\/{rel}","templated":true}]}}