{"id":219,"date":"2023-07-18T09:40:59","date_gmt":"2023-07-18T12:40:59","guid":{"rendered":"https:\/\/infortecbv.com.br\/?post_type=product&#038;p=219"},"modified":"2026-01-17T19:50:12","modified_gmt":"2026-01-17T22:50:12","slug":"fone-de-ouvido-pmcell-slim-f0-14","status":"publish","type":"product","link":"https:\/\/infortecbv.com.br\/index.php\/product\/fone-de-ouvido-pmcell-slim-f0-14\/","title":{"rendered":"FONE DE OUVIDO PMCELL SLIM F0-14"},"content":{"rendered":"<p>Fone de Ouvido Pmcell Fo -14 Branco Extra Bass O Fone de Ouvido Pmcell EXtra Bass Fo &#8211; 14 foi desenvolvido para trazer a voc\u00ea um som muito mais limpo e sem ru\u00eddos. Ele tem uma tecnologia diferenciada para voc\u00ea pode ouvir suas musicas, videos e s\u00e9ries. O Fone de Ouvido Fo &#8211; 14 tem estilo especial confira sinta o som do Pmcell Fo &#8211; 14 Extra Bass. Marca: PMCELL Linha: Fone de ouvido P2. Cabo Arom\u00e1tico. Modelo: FO 14. Especifica\u00e7\u00f5es: Alto Falante: 10mm Frequ\u00eancia: 20-20.000HZ. Impded\u00e2ncia: 320hms. Agudos: 95+3db. Pot\u00eancia: 100mw. Comprimento: 120cm. Entrada Auricular: 3.5mm.\u00a0 Observa\u00e7\u00e3o: Todos os nosso produtos sai testados antes se ser enviado para os nosso clientes. IMAGENS MERAMENTE ILUSTRATIVA.<\/p>\n","protected":false},"excerpt":{"rendered":"<p>Fone de Ouvido Pmcell Fo -14 Branco Extra Bass O Fone de Ouvido Pmcell EXtra Bass Fo &#8211; 14 foi desenvolvido para trazer a voc\u00ea um som muito mais limpo e sem ru\u00eddos. Ele tem uma tecnologia diferenciada para voc\u00ea pode ouvir suas musicas, videos e s\u00e9ries. O Fone de Ouvido Fo &#8211; 14 tem [&hellip;]<\/p>\n","protected":false},"featured_media":220,"comment_status":"open","ping_status":"closed","template":"","meta":[],"product_brand":[],"product_cat":[36],"product_tag":[],"class_list":{"0":"post-219","1":"product","2":"type-product","3":"status-publish","4":"has-post-thumbnail","6":"product_cat-fones-com-fio","8":"first","9":"instock","10":"shipping-taxable","11":"purchasable","12":"product-type-simple"},"_links":{"self":[{"href":"https:\/\/infortecbv.com.br\/index.php\/wp-json\/wp\/v2\/product\/219","targetHints":{"allow":["GET"]}}],"collection":[{"href":"https:\/\/infortecbv.com.br\/index.php\/wp-json\/wp\/v2\/product"}],"about":[{"href":"https:\/\/infortecbv.com.br\/index.php\/wp-json\/wp\/v2\/types\/product"}],"replies":[{"embeddable":true,"href":"https:\/\/infortecbv.com.br\/index.php\/wp-json\/wp\/v2\/comments?post=219"}],"wp:featuredmedia":[{"embeddable":true,"href":"https:\/\/infortecbv.com.br\/index.php\/wp-json\/wp\/v2\/media\/220"}],"wp:attachment":[{"href":"https:\/\/infortecbv.com.br\/index.php\/wp-json\/wp\/v2\/media?parent=219"}],"wp:term":[{"taxonomy":"product_brand","embeddable":true,"href":"https:\/\/infortecbv.com.br\/index.php\/wp-json\/wp\/v2\/product_brand?post=219"},{"taxonomy":"product_cat","embeddable":true,"href":"https:\/\/infortecbv.com.br\/index.php\/wp-json\/wp\/v2\/product_cat?post=219"},{"taxonomy":"product_tag","embeddable":true,"href":"https:\/\/infortecbv.com.br\/index.php\/wp-json\/wp\/v2\/product_tag?post=219"}],"curies":[{"name":"wp","href":"https:\/\/api.w.org\/{rel}","templated":true}]}}