{"id":248,"date":"2024-08-27T10:28:04","date_gmt":"2024-08-27T13:28:04","guid":{"rendered":"https:\/\/infortecbv.com.br\/?post_type=product&#038;p=248"},"modified":"2025-10-31T23:19:06","modified_gmt":"2025-11-01T02:19:06","slug":"suporte-retratil-para-tv-10-a-26-ley-1522c-lehmox","status":"publish","type":"product","link":"https:\/\/infortecbv.com.br\/index.php\/product\/suporte-retratil-para-tv-10-a-26-ley-1522c-lehmox\/","title":{"rendered":"SUPORTE RETRATIL PARA TV 10&#8243; A 26&#8243; (LEY-1522C) LEHMOX"},"content":{"rendered":"<p>Modelo: LEY-1522C Marca: Lehmox Padr\u00e3o: VESA 75x75mm, 100x100mm Capacidade: Suporta 12 Kg Compatibilidade: Adequado para TV&#8217;s 10&#8243; &#8211; 26&#8243; Polegadas Instala\u00e7\u00e3o F\u00e1cil e R\u00e1pida Dist\u00e2ncia da TV para Parede: 80-460 mm<\/p>\n<p>ITENS INCLUSOS:<\/p>\n<p>Suporte de TV 10&#8243; &#8211; 26&#8243;<br \/>\nParafusos e Buchas para instala\u00e7\u00e3o<\/p>\n","protected":false},"excerpt":{"rendered":"<p>Modelo: LEY-1522C Marca: Lehmox Padr\u00e3o: VESA 75x75mm, 100x100mm Capacidade: Suporta 12 Kg Compatibilidade: Adequado para TV&#8217;s 10&#8243; &#8211; 26&#8243; Polegadas Instala\u00e7\u00e3o F\u00e1cil e R\u00e1pida Dist\u00e2ncia da TV para Parede: 80-460 mm ITENS INCLUSOS: Suporte de TV 10&#8243; &#8211; 26&#8243; Parafusos e Buchas para instala\u00e7\u00e3o<\/p>\n","protected":false},"featured_media":249,"comment_status":"open","ping_status":"closed","template":"","meta":[],"product_brand":[],"product_cat":[15],"product_tag":[],"class_list":{"0":"post-248","1":"product","2":"type-product","3":"status-publish","4":"has-post-thumbnail","6":"product_cat-capinhas","8":"first","9":"instock","10":"shipping-taxable","11":"purchasable","12":"product-type-simple"},"_links":{"self":[{"href":"https:\/\/infortecbv.com.br\/index.php\/wp-json\/wp\/v2\/product\/248","targetHints":{"allow":["GET"]}}],"collection":[{"href":"https:\/\/infortecbv.com.br\/index.php\/wp-json\/wp\/v2\/product"}],"about":[{"href":"https:\/\/infortecbv.com.br\/index.php\/wp-json\/wp\/v2\/types\/product"}],"replies":[{"embeddable":true,"href":"https:\/\/infortecbv.com.br\/index.php\/wp-json\/wp\/v2\/comments?post=248"}],"wp:featuredmedia":[{"embeddable":true,"href":"https:\/\/infortecbv.com.br\/index.php\/wp-json\/wp\/v2\/media\/249"}],"wp:attachment":[{"href":"https:\/\/infortecbv.com.br\/index.php\/wp-json\/wp\/v2\/media?parent=248"}],"wp:term":[{"taxonomy":"product_brand","embeddable":true,"href":"https:\/\/infortecbv.com.br\/index.php\/wp-json\/wp\/v2\/product_brand?post=248"},{"taxonomy":"product_cat","embeddable":true,"href":"https:\/\/infortecbv.com.br\/index.php\/wp-json\/wp\/v2\/product_cat?post=248"},{"taxonomy":"product_tag","embeddable":true,"href":"https:\/\/infortecbv.com.br\/index.php\/wp-json\/wp\/v2\/product_tag?post=248"}],"curies":[{"name":"wp","href":"https:\/\/api.w.org\/{rel}","templated":true}]}}