{"id":266,"date":"2024-11-04T14:23:15","date_gmt":"2024-11-04T17:23:15","guid":{"rendered":"https:\/\/infortecbv.com.br\/?post_type=product&#038;p=266"},"modified":"2025-10-31T23:10:06","modified_gmt":"2025-11-01T02:10:06","slug":"realme-12-pro-5g-12-512gb-submarine-blue","status":"publish","type":"product","link":"https:\/\/infortecbv.com.br\/index.php\/product\/realme-12-pro-5g-12-512gb-submarine-blue\/","title":{"rendered":"REALME 12 PRO 5G"},"content":{"rendered":"<p>Capacidade e efici\u00eancia Com seu poderoso processador e mem\u00f3ria RAM de 12 GB seu computador alcan\u00e7ar\u00e1 alto desempenho com alta velocidade de transmiss\u00e3o de conte\u00fados e executar\u00e1 v\u00e1rios aplicativos ao mesmo tempo, sem atrasos. Desbloqueio facial e de impress\u00e3o digital M\u00e1xima seguran\u00e7a para que apenas voc\u00ea possa acessar o sua equipe. Voc\u00ea pode escolher entre o sensor de impress\u00e3o digital para ativar seu telefone com um toque, ou o reconhecimento facial que permite desbloquear at\u00e9 30% mais r\u00e1pido. Vida \u00fatil da bateria mais longa Desconecte-se! Com a super bateria de 5000 mAh voc\u00ea ter\u00e1 energia por muito mais tempo para jogar, assistir s\u00e9ries ou trabalhar sem recarregar. Capacidade de armazenamento ilimitada Esque\u00e7a de apagar. Com sua mem\u00f3ria interna de 512 GB voc\u00ea poder\u00e1 baixar todos os arquivos e aplicativos que precisa, salvar fotos e armazenar seus filmes, s\u00e9ries e v\u00eddeos favoritos para reproduzi-los quando quiser.<\/p>\n<p><strong>Especifica\u00e7\u00f5es<\/strong><\/p>\n<p>MARCA: Realme<br \/>\nMODELO: 12 Pro+ 5G RMX3840<br \/>\nMEM\u00d3RIA RAM: 12 GB<br \/>\nMEM\u00d3RIA ROM: 512 GB<br \/>\nPROCESSADOR: Snapdragon 7s gera\u00e7\u00e3o 2<br \/>\nTELA: Display Vision curvo de 6.7&#8243; FHD+ \/ 120 Hz<br \/>\nC\u00c2MERA: C\u00e2mera para retratos Perisc\u00f3pio de 64MP f\/2.8 &#8211; C\u00e2mera Sony IMX890 OIS de 50MP f\/1.8 &#8211; Ultra Wide de 8MP f\/2.2 &#8211; C\u00e2mera frontal de 32MP f\/2.4 f\/2.4<br \/>\nSENSOR: Sensor de impress\u00e3o digital &#8211; Sensor geomagn\u00e9tico &#8211; Proximidade &#8211; Sensor de luz &#8211; Acelera\u00e7\u00e3o &#8211; Girosc\u00f3pio<br \/>\nBATERIA: 5000 mAh<br \/>\nSIM CARD: Dual Sim (Nano)<br \/>\nFREQU\u00caNCIA: 2G \/ 3G \/ 4G \/ 5G<br \/>\nSISTEMA OPERACIONAL: realme 5.0, baseado no Android 14<br \/>\nCONECTIVIDADE WIRELESS: Wi-Fi de 2.4 \/ 5 GHz &#8211; Bluetooth 5.2<br \/>\nENTRADAS \/ SA\u00cdDAS: USB-C<br \/>\nGARANTIA: 3 meses<br \/>\nINCLUI: Inclui um adaptador de carregamento de 67 W<\/p>\n","protected":false},"excerpt":{"rendered":"<p>12\/512GB<br \/>\n(Submarine Blue)<\/p>\n","protected":false},"featured_media":267,"comment_status":"open","ping_status":"closed","template":"","meta":[],"product_brand":[],"product_cat":[39,41],"product_tag":[],"class_list":{"0":"post-266","1":"product","2":"type-product","3":"status-publish","4":"has-post-thumbnail","6":"product_cat-celulares","7":"product_cat-realme","9":"first","10":"onbackorder","11":"sale","12":"shipping-taxable","13":"purchasable","14":"product-type-simple"},"_links":{"self":[{"href":"https:\/\/infortecbv.com.br\/index.php\/wp-json\/wp\/v2\/product\/266","targetHints":{"allow":["GET"]}}],"collection":[{"href":"https:\/\/infortecbv.com.br\/index.php\/wp-json\/wp\/v2\/product"}],"about":[{"href":"https:\/\/infortecbv.com.br\/index.php\/wp-json\/wp\/v2\/types\/product"}],"replies":[{"embeddable":true,"href":"https:\/\/infortecbv.com.br\/index.php\/wp-json\/wp\/v2\/comments?post=266"}],"wp:featuredmedia":[{"embeddable":true,"href":"https:\/\/infortecbv.com.br\/index.php\/wp-json\/wp\/v2\/media\/267"}],"wp:attachment":[{"href":"https:\/\/infortecbv.com.br\/index.php\/wp-json\/wp\/v2\/media?parent=266"}],"wp:term":[{"taxonomy":"product_brand","embeddable":true,"href":"https:\/\/infortecbv.com.br\/index.php\/wp-json\/wp\/v2\/product_brand?post=266"},{"taxonomy":"product_cat","embeddable":true,"href":"https:\/\/infortecbv.com.br\/index.php\/wp-json\/wp\/v2\/product_cat?post=266"},{"taxonomy":"product_tag","embeddable":true,"href":"https:\/\/infortecbv.com.br\/index.php\/wp-json\/wp\/v2\/product_tag?post=266"}],"curies":[{"name":"wp","href":"https:\/\/api.w.org\/{rel}","templated":true}]}}