{"id":303,"date":"2024-11-08T14:16:06","date_gmt":"2024-11-08T17:16:06","guid":{"rendered":"https:\/\/infortecbv.com.br\/?post_type=product&#038;p=303"},"modified":"2025-10-31T22:55:53","modified_gmt":"2025-11-01T01:55:53","slug":"fone-de-ouvido-bluetooth-gt-branco-goldentec","status":"publish","type":"product","link":"https:\/\/infortecbv.com.br\/index.php\/product\/fone-de-ouvido-bluetooth-gt-branco-goldentec\/","title":{"rendered":"FONE DE OUVIDO BLUETOOTH GT BRANCO GOLDENTEC"},"content":{"rendered":"<p><strong>Caracter\u00edsticas Principais:<\/strong><br \/>\n&#8211; Encaixe confort\u00e1vel<br \/>\n&#8211; Microfone interno<br \/>\n&#8211; Conex\u00e3o auxiliar: P2 (3.5mm)<br \/>\n&#8211; Compat\u00edvel com qualquer equipamento de \u00e1udio via bluetooth<br \/>\n&#8211; Bateria recarreg\u00e1vel<br \/>\n&#8211; Bluetooth 2.1 + EDR<br \/>\n&#8211; Fone dobr\u00e1vel: Facilita o transporte<\/p>\n<p><strong>Conte\u00fado da embalagem:<\/strong><br \/>\n&#8211; Fone Bluetooth Goldentec Prata<br \/>\n&#8211; Cabo USB x Micro USB<br \/>\n&#8211; Cabo P2 x P2<br \/>\n&#8211; Manual de instru\u00e7\u00f5es<\/p>\n","protected":false},"excerpt":{"rendered":"<p>Caracter\u00edsticas Principais: &#8211; Encaixe confort\u00e1vel &#8211; Microfone interno &#8211; Conex\u00e3o auxiliar: P2 (3.5mm) &#8211; Compat\u00edvel com qualquer equipamento de \u00e1udio via bluetooth &#8211; Bateria recarreg\u00e1vel &#8211; Bluetooth 2.1 + EDR &#8211; Fone dobr\u00e1vel: Facilita o transporte Conte\u00fado da embalagem: &#8211; Fone Bluetooth Goldentec Prata &#8211; Cabo USB x Micro USB &#8211; Cabo P2 x P2 [&hellip;]<\/p>\n","protected":false},"featured_media":304,"comment_status":"open","ping_status":"closed","template":"","meta":[],"product_brand":[],"product_cat":[37],"product_tag":[],"class_list":{"0":"post-303","1":"product","2":"type-product","3":"status-publish","4":"has-post-thumbnail","6":"product_cat-fones-bluetooth","8":"first","9":"instock","10":"sale","11":"shipping-taxable","12":"purchasable","13":"product-type-simple"},"_links":{"self":[{"href":"https:\/\/infortecbv.com.br\/index.php\/wp-json\/wp\/v2\/product\/303","targetHints":{"allow":["GET"]}}],"collection":[{"href":"https:\/\/infortecbv.com.br\/index.php\/wp-json\/wp\/v2\/product"}],"about":[{"href":"https:\/\/infortecbv.com.br\/index.php\/wp-json\/wp\/v2\/types\/product"}],"replies":[{"embeddable":true,"href":"https:\/\/infortecbv.com.br\/index.php\/wp-json\/wp\/v2\/comments?post=303"}],"wp:featuredmedia":[{"embeddable":true,"href":"https:\/\/infortecbv.com.br\/index.php\/wp-json\/wp\/v2\/media\/304"}],"wp:attachment":[{"href":"https:\/\/infortecbv.com.br\/index.php\/wp-json\/wp\/v2\/media?parent=303"}],"wp:term":[{"taxonomy":"product_brand","embeddable":true,"href":"https:\/\/infortecbv.com.br\/index.php\/wp-json\/wp\/v2\/product_brand?post=303"},{"taxonomy":"product_cat","embeddable":true,"href":"https:\/\/infortecbv.com.br\/index.php\/wp-json\/wp\/v2\/product_cat?post=303"},{"taxonomy":"product_tag","embeddable":true,"href":"https:\/\/infortecbv.com.br\/index.php\/wp-json\/wp\/v2\/product_tag?post=303"}],"curies":[{"name":"wp","href":"https:\/\/api.w.org\/{rel}","templated":true}]}}