{"id":307,"date":"2024-11-08T14:45:03","date_gmt":"2024-11-08T17:45:03","guid":{"rendered":"https:\/\/infortecbv.com.br\/?post_type=product&#038;p=307"},"modified":"2025-10-31T23:16:01","modified_gmt":"2025-11-01T02:16:01","slug":"relogio-inteligente-w54-2","status":"publish","type":"product","link":"https:\/\/infortecbv.com.br\/index.php\/product\/relogio-inteligente-w54-2\/","title":{"rendered":"REL\u00d3GIO INTELIGENTE W54"},"content":{"rendered":"<p><b>Principais fun\u00e7\u00f5es:<\/b><br \/>\n\u2013; Monitoramento do sono;<br \/>\n\u2013 &amp;; Monitoramento da frequ\u00eancia card\u00edaca;<br \/>\n\u2013; Monitoramento da press\u00e3o arterial;<br \/>\n\u2013 Monitoramento de oxig\u00eanio lood;<br \/>\n\u2013 Controle de m\u00fasica;<br \/>\n\u2013 Controle de c\u00e2mera;<br \/>\n\u2013 Contagem de passos;<br \/>\n\u2013 Rel\u00f3gio despertador;<br \/>\n\u2013 Con\u00f4metro;<br \/>\n\u2013 Modo multi-esporte.<br \/>\n<b>D\u00favidas que podem lhe ajudar:<\/b><br \/>\n1. O Smartwatch W68 tem tela touch?<br \/>\nr: Sim, este rel\u00f3gio \u00e9 tela sens\u00edvel ao toque completa.<br \/>\n2. A pulseira de rel\u00f3gio pode ser substitu\u00edda?<br \/>\nResposta: Sim, a correia pode ser substitu\u00edda.<br \/>\n3. Este rel\u00f3gio vem em sua caixa original?<br \/>\nr: Sim, cada rel\u00f3gio vem em sua caixa original.<br \/>\n4. Este rel\u00f3gio ficar\u00e1 na tela por um longo tempo?<br \/>\nResposta: Suporte para tela brilhante de longa data. Apresenta uma tela HD ips de 1,3 polegadas grande para uma boa experi\u00eancia visual.<br \/>\nCaracter\u00edstica:<br \/>\n\u2013 Capacidade de 170 mAH<br \/>\n\u2013 Bluetooth: Bluetooth 4.0<br \/>\n\u2013 Suporte a idiomas: chin\u00eas (simplificado, tradicional), japon\u00eas, ingl\u00eas, franc\u00eas, alem\u00e3o, italiano, espanhol, russo, portugu\u00eas, polon\u00eas e malaio<br \/>\n\u2013 Requisitos de sistema: Android 4.4 e superior, ios 9.0 ou superior<br \/>\n\u2013 Fazer \/ atender chamadas: N\u00e3o<br \/>\n\u2013 gps: N\u00e3o perfil de navega\u00e7\u00e3o colmeia<\/p>\n","protected":false},"excerpt":{"rendered":"<p>Principais fun\u00e7\u00f5es: \u2013; Monitoramento do sono; \u2013 &amp;; Monitoramento da frequ\u00eancia card\u00edaca; \u2013; Monitoramento da press\u00e3o arterial; \u2013 Monitoramento de oxig\u00eanio lood; \u2013 Controle de m\u00fasica; \u2013 Controle de c\u00e2mera; \u2013 Contagem de passos; \u2013 Rel\u00f3gio despertador; \u2013 Con\u00f4metro; \u2013 Modo multi-esporte. D\u00favidas que podem lhe ajudar: 1. O Smartwatch W68 tem tela touch? r: [&hellip;]<\/p>\n","protected":false},"featured_media":308,"comment_status":"open","ping_status":"closed","template":"","meta":[],"product_brand":[],"product_cat":[38],"product_tag":[],"class_list":{"0":"post-307","1":"product","2":"type-product","3":"status-publish","4":"has-post-thumbnail","6":"product_cat-relogios-smartwatch","8":"first","9":"instock","10":"sale","11":"shipping-taxable","12":"purchasable","13":"product-type-simple"},"_links":{"self":[{"href":"https:\/\/infortecbv.com.br\/index.php\/wp-json\/wp\/v2\/product\/307","targetHints":{"allow":["GET"]}}],"collection":[{"href":"https:\/\/infortecbv.com.br\/index.php\/wp-json\/wp\/v2\/product"}],"about":[{"href":"https:\/\/infortecbv.com.br\/index.php\/wp-json\/wp\/v2\/types\/product"}],"replies":[{"embeddable":true,"href":"https:\/\/infortecbv.com.br\/index.php\/wp-json\/wp\/v2\/comments?post=307"}],"wp:featuredmedia":[{"embeddable":true,"href":"https:\/\/infortecbv.com.br\/index.php\/wp-json\/wp\/v2\/media\/308"}],"wp:attachment":[{"href":"https:\/\/infortecbv.com.br\/index.php\/wp-json\/wp\/v2\/media?parent=307"}],"wp:term":[{"taxonomy":"product_brand","embeddable":true,"href":"https:\/\/infortecbv.com.br\/index.php\/wp-json\/wp\/v2\/product_brand?post=307"},{"taxonomy":"product_cat","embeddable":true,"href":"https:\/\/infortecbv.com.br\/index.php\/wp-json\/wp\/v2\/product_cat?post=307"},{"taxonomy":"product_tag","embeddable":true,"href":"https:\/\/infortecbv.com.br\/index.php\/wp-json\/wp\/v2\/product_tag?post=307"}],"curies":[{"name":"wp","href":"https:\/\/api.w.org\/{rel}","templated":true}]}}