{"id":311,"date":"2024-11-08T15:15:34","date_gmt":"2024-11-08T18:15:34","guid":{"rendered":"https:\/\/infortecbv.com.br\/?post_type=product&#038;p=311"},"modified":"2024-11-08T15:15:34","modified_gmt":"2024-11-08T18:15:34","slug":"roteador-150mbps-1-ant-remov-4p-re058-multilaser","status":"publish","type":"product","link":"https:\/\/infortecbv.com.br\/index.php\/product\/roteador-150mbps-1-ant-remov-4p-re058-multilaser\/","title":{"rendered":"ROTEADOR 150MBPS 1 ANT. REMOV. 4P RE058 MULTILASER"},"content":{"rendered":"<div class=\"\">\n<div class=\"vtex-sticky-layout-0-x-wrapper vtex-sticky-layout-0-x-wrapper--pdp-sticky-bar\">\n<div class=\"vtex-sticky-layout-0-x-container vtex-sticky-layout-0-x-container--pdp-sticky-bar z-999 relative left-0 right-0\">\n<div class=\"vtex-flex-layout-0-x-flexRow vtex-flex-layout-0-x-flexRow--row-pdp-sticky-bar\">\n<section class=\"vtex-store-components-3-x-container ph3 ph5-m ph2-xl mw9 center \">\n<div class=\"flex mt0 mb0 pt0 pb0    justify-start vtex-flex-layout-0-x-flexRowContent vtex-flex-layout-0-x-flexRowContent--row-pdp-sticky-bar items-stretch w-100\">\n<div class=\"pr0 items-stretch vtex-flex-layout-0-x-stretchChildrenWidth   flex\">\n<div class=\"vtex-flex-layout-0-x-flexRow vtex-flex-layout-0-x-flexRow--pdp-stick-buttons-ancora\">\n<div class=\"flex mt0 mb0 pt0 pb0    justify-start vtex-flex-layout-0-x-flexRowContent vtex-flex-layout-0-x-flexRowContent--pdp-stick-buttons-ancora items-stretch w-100\">\n<div class=\"pr0 items-stretch vtex-flex-layout-0-x-stretchChildrenWidth   flex\">\n<div class=\"vtex-flex-layout-0-x-flexRow--pdp-sticky-bar-buttons\"><button id=\"descricao\" class=\"vtex-flex-layout-0-x-flexRow--pdp-sticky-bar-buttons--btns\">Descri\u00e7\u00e3o<\/button><button id=\"fichaTecnica\" class=\"vtex-flex-layout-0-x-flexRow--pdp-sticky-bar-buttons--btns\">Ficha t\u00e9cnica<\/button><\/div>\n<\/div>\n<\/div>\n<\/div>\n<\/div>\n<\/div>\n<\/section>\n<\/div>\n<div><\/div>\n<\/div>\n<\/div>\n<\/div>\n<div class=\"\">\n<div class=\"vtex-flex-layout-0-x-flexRow vtex-flex-layout-0-x-flexRow--product-description\">\n<section class=\"vtex-store-components-3-x-container ph3 ph5-m ph2-xl mw9 center \">\n<div class=\"flex mt0 mb0 pt0 pb0    justify-start vtex-flex-layout-0-x-flexRowContent vtex-flex-layout-0-x-flexRowContent--product-description items-stretch w-100\">\n<div class=\"pr0 items-stretch vtex-flex-layout-0-x-stretchChildrenWidth   flex\">\n<div class=\"vtex-store-components-3-x-productDescriptionContainer\">\n<h2 class=\"vtex-store-components-3-x-productDescriptionTitle t-heading-5 mb5 mt0\">Descri\u00e7\u00e3o do produto<\/h2>\n<div class=\"vtex-store-components-3-x-productDescriptionText c-muted-1\">\n<div class=\"vtex-store-components-3-x-container relative\">\n<div class=\"vtex-store-components-3-x-content h-auto\">\n<div>\n<p><b>Wireless<br \/>\nBanda: 2.4-2.4835GHz<br \/>\nPadr\u00f5es de frequ\u00eancia IEEE 802.11b, IEEE 802.11g, IEEE 802.11n<br \/>\nPot\u00eancia de transmiss\u00e3o 20dBm(MAX)<\/p>\n<p>Hardware<br \/>\nPadr\u00f5es IEEE 802.3 10Base-T, IEEE 802.3u 100Base-TX<br \/>\nInterfaces 1 * 10 \/ 100Mbps Auto MDI \/ MDIX RJ45 porta WAN, porta 4 * 10 \/<br \/>\n100Mbps Auto MDI\/ MDIX RJ45 LAN<br \/>\nLEDs indicadores: PWR, LAN1-LAN4, WAN<br \/>\nFonte de Alimenta\u00e7\u00e3o DC: 9V \/ 500mA (sa\u00edda)<\/p>\n<p>Software<br \/>\nWAN Tipo: DHCP, Static IP, PPPoE, L2TP, PPTP, Dual Access, WISP<br \/>\nServidores virtuais, Port Triggering, UPnP, DMZ, FTP Porta Privada<br \/>\nAccess Control: IP\/MAC\/Domain Filtering<br \/>\nVPN Pass-through: PPTP, L2TP, IPSec<br \/>\nOutros: DNS din\u00e2mic<\/p>\n<p>Imagens meramente ilustrativas.<\/b><\/p>\n<\/div>\n<\/div>\n<\/div>\n<\/div>\n<\/div>\n<\/div>\n<\/div>\n<\/section>\n<\/div>\n<\/div>\n","protected":false},"excerpt":{"rendered":"<p>Descri\u00e7\u00e3oFicha t\u00e9cnica Descri\u00e7\u00e3o do produto Wireless Banda: 2.4-2.4835GHz Padr\u00f5es de frequ\u00eancia IEEE 802.11b, IEEE 802.11g, IEEE 802.11n Pot\u00eancia de transmiss\u00e3o 20dBm(MAX) Hardware Padr\u00f5es IEEE 802.3 10Base-T, IEEE 802.3u 100Base-TX Interfaces 1 * 10 \/ 100Mbps Auto MDI \/ MDIX RJ45 porta WAN, porta 4 * 10 \/ 100Mbps Auto MDI\/ MDIX RJ45 LAN LEDs indicadores: [&hellip;]<\/p>\n","protected":false},"featured_media":312,"comment_status":"open","ping_status":"closed","template":"","meta":[],"product_brand":[],"product_cat":[35],"product_tag":[],"class_list":{"0":"post-311","1":"product","2":"type-product","3":"status-publish","4":"has-post-thumbnail","6":"product_cat-rede","8":"first","9":"instock","10":"sale","11":"shipping-taxable","12":"purchasable","13":"product-type-simple"},"_links":{"self":[{"href":"https:\/\/infortecbv.com.br\/index.php\/wp-json\/wp\/v2\/product\/311","targetHints":{"allow":["GET"]}}],"collection":[{"href":"https:\/\/infortecbv.com.br\/index.php\/wp-json\/wp\/v2\/product"}],"about":[{"href":"https:\/\/infortecbv.com.br\/index.php\/wp-json\/wp\/v2\/types\/product"}],"replies":[{"embeddable":true,"href":"https:\/\/infortecbv.com.br\/index.php\/wp-json\/wp\/v2\/comments?post=311"}],"wp:featuredmedia":[{"embeddable":true,"href":"https:\/\/infortecbv.com.br\/index.php\/wp-json\/wp\/v2\/media\/312"}],"wp:attachment":[{"href":"https:\/\/infortecbv.com.br\/index.php\/wp-json\/wp\/v2\/media?parent=311"}],"wp:term":[{"taxonomy":"product_brand","embeddable":true,"href":"https:\/\/infortecbv.com.br\/index.php\/wp-json\/wp\/v2\/product_brand?post=311"},{"taxonomy":"product_cat","embeddable":true,"href":"https:\/\/infortecbv.com.br\/index.php\/wp-json\/wp\/v2\/product_cat?post=311"},{"taxonomy":"product_tag","embeddable":true,"href":"https:\/\/infortecbv.com.br\/index.php\/wp-json\/wp\/v2\/product_tag?post=311"}],"curies":[{"name":"wp","href":"https:\/\/api.w.org\/{rel}","templated":true}]}}