{"id":313,"date":"2024-11-08T15:25:15","date_gmt":"2024-11-08T18:25:15","guid":{"rendered":"https:\/\/infortecbv.com.br\/?post_type=product&#038;p=313"},"modified":"2026-03-12T11:31:41","modified_gmt":"2026-03-12T14:31:41","slug":"roteador-150mbps-re046-multilaser","status":"publish","type":"product","link":"https:\/\/infortecbv.com.br\/index.php\/product\/roteador-150mbps-re046-multilaser\/","title":{"rendered":"ROTEADOR 150MBPS RE046 MULTILASER"},"content":{"rendered":"<p><strong>Especifica\u00e7\u00f5es<\/strong><\/p>\n<p><strong>Tipo de conex\u00e3o:<\/strong>\u00a0Wireless N<\/p>\n<p><strong>Padr\u00e3o de rede:<\/strong><\/p>\n<dl class=\"Conteudo-da-embalagem\">\u00a0IEEE802.11n\/g\/b, IEEE802.3\/3u<\/dl>\n<p><strong>Seguran\u00e7a de dados:<\/strong>\u00a0WEP, WPA, WPA2, WPA-PSK, WPA2-PSK<\/p>\n<p><strong>Velocidade de transmiss\u00e3o:<\/strong>\u00a0150 Mbps<\/p>\n<dl class=\"Padrao-de-rede even\">\n<dt><strong>Portas:<\/strong>\u00a01 porta WAN 10\/100 Mbps e 4 portas LAN 10\/100 Mbps<\/dt>\n<dt><\/dt>\n<dt><\/dt>\n<dt><strong>Requisitos de sistema<\/strong><\/dt>\n<\/dl>\n<p>Internet Explorer 5.5 ou Firefox 1.0 ou mais recente<br \/>\nAdaptador network<\/p>\n<dl class=\"Padrao-de-rede even\">\n<dt><strong>Tens\u00e3o\/Voltagem:<\/strong>\u00a0Bivolt<\/dt>\n<\/dl>\n<dl id=\"ctl00_Conteudo_ctl69_DetalhesProduto_rptGrupos_ctl01_rptCampos_ctl01_dlCategoria\" class=\"Conteudo-da-embalagem\">\n<dt><\/dt>\n<dt><strong>Conte\u00fado da embalagem<\/strong><\/dt>\n<\/dl>\n<p>Roteador Multilaser<br \/>\nCD de instala\u00e7\u00e3o<br \/>\nGuia r\u00e1pido<br \/>\nAntena destac\u00e1vel<br \/>\nCabo RJ-45<br \/>\nFonte de energia<\/p>\n","protected":false},"excerpt":{"rendered":"<p>Especifica\u00e7\u00f5es Tipo de conex\u00e3o:\u00a0Wireless N Padr\u00e3o de rede: \u00a0IEEE802.11n\/g\/b, IEEE802.3\/3u Seguran\u00e7a de dados:\u00a0WEP, WPA, WPA2, WPA-PSK, WPA2-PSK Velocidade de transmiss\u00e3o:\u00a0150 Mbps Portas:\u00a01 porta WAN 10\/100 Mbps e 4 portas LAN 10\/100 Mbps Requisitos de sistema Internet Explorer 5.5 ou Firefox 1.0 ou mais recente Adaptador network Tens\u00e3o\/Voltagem:\u00a0Bivolt Conte\u00fado da embalagem Roteador Multilaser CD de instala\u00e7\u00e3o [&hellip;]<\/p>\n","protected":false},"featured_media":314,"comment_status":"open","ping_status":"closed","template":"","meta":[],"product_brand":[],"product_cat":[35],"product_tag":[],"class_list":{"0":"post-313","1":"product","2":"type-product","3":"status-publish","4":"has-post-thumbnail","6":"product_cat-rede","8":"first","9":"instock","10":"sale","11":"shipping-taxable","12":"purchasable","13":"product-type-simple"},"_links":{"self":[{"href":"https:\/\/infortecbv.com.br\/index.php\/wp-json\/wp\/v2\/product\/313","targetHints":{"allow":["GET"]}}],"collection":[{"href":"https:\/\/infortecbv.com.br\/index.php\/wp-json\/wp\/v2\/product"}],"about":[{"href":"https:\/\/infortecbv.com.br\/index.php\/wp-json\/wp\/v2\/types\/product"}],"replies":[{"embeddable":true,"href":"https:\/\/infortecbv.com.br\/index.php\/wp-json\/wp\/v2\/comments?post=313"}],"wp:featuredmedia":[{"embeddable":true,"href":"https:\/\/infortecbv.com.br\/index.php\/wp-json\/wp\/v2\/media\/314"}],"wp:attachment":[{"href":"https:\/\/infortecbv.com.br\/index.php\/wp-json\/wp\/v2\/media?parent=313"}],"wp:term":[{"taxonomy":"product_brand","embeddable":true,"href":"https:\/\/infortecbv.com.br\/index.php\/wp-json\/wp\/v2\/product_brand?post=313"},{"taxonomy":"product_cat","embeddable":true,"href":"https:\/\/infortecbv.com.br\/index.php\/wp-json\/wp\/v2\/product_cat?post=313"},{"taxonomy":"product_tag","embeddable":true,"href":"https:\/\/infortecbv.com.br\/index.php\/wp-json\/wp\/v2\/product_tag?post=313"}],"curies":[{"name":"wp","href":"https:\/\/api.w.org\/{rel}","templated":true}]}}