{"id":315,"date":"2024-11-08T15:39:36","date_gmt":"2024-11-08T18:39:36","guid":{"rendered":"https:\/\/infortecbv.com.br\/?post_type=product&#038;p=315"},"modified":"2026-01-17T19:49:38","modified_gmt":"2026-01-17T22:49:38","slug":"carregador-v8-14w-1-usb-a-xc-v8-glx-x-cell","status":"publish","type":"product","link":"https:\/\/infortecbv.com.br\/index.php\/product\/carregador-v8-14w-1-usb-a-xc-v8-glx-x-cell\/","title":{"rendered":"CARREGADOR V8 14W 1 USB-A (XC-V8-GLX) X-CELL"},"content":{"rendered":"<p><strong>Carregador V8 Micro Usb 2.8A Com 1 Usb Xc-V8 Glx<\/strong><\/p>\n<p>Carregador de parede ultra r\u00e1pido com conector Micro USB (v8) e 1 entrada USB. Permite carregar at\u00e9 dois aparelhos simultaneamente. Compat\u00edvel com qualquer dispositivo que possua conex\u00e3o Micro USB (v8)<\/p>\n<p><strong>Caracter\u00edsticas:<\/strong><br \/>\nEntrada: 100-240 v \/ 50-60Hz;<br \/>\nSa\u00edda: DC.5.Ov &#8211; 2.8A max.<br \/>\nComprimento do Cabo: 1m.<br \/>\nConte\u00fado da embalagem: 1 Carregador Ultra r\u00e1pido 2.8A.<br \/>\nComposi\u00e7\u00e3o: Pl\u00e1stico, fio de cobre e componentes el\u00e9tricos.<\/p>\n","protected":false},"excerpt":{"rendered":"<p>Carregador V8 Micro Usb 2.8A Com 1 Usb Xc-V8 Glx Carregador de parede ultra r\u00e1pido com conector Micro USB (v8) e 1 entrada USB. Permite carregar at\u00e9 dois aparelhos simultaneamente. Compat\u00edvel com qualquer dispositivo que possua conex\u00e3o Micro USB (v8) Caracter\u00edsticas: Entrada: 100-240 v \/ 50-60Hz; Sa\u00edda: DC.5.Ov &#8211; 2.8A max. Comprimento do Cabo: 1m. [&hellip;]<\/p>\n","protected":false},"featured_media":316,"comment_status":"open","ping_status":"closed","template":"","meta":[],"product_brand":[],"product_cat":[31],"product_tag":[],"class_list":{"0":"post-315","1":"product","2":"type-product","3":"status-publish","4":"has-post-thumbnail","6":"product_cat-carregadores-e-cabos","8":"first","9":"instock","10":"sale","11":"shipping-taxable","12":"purchasable","13":"product-type-simple"},"_links":{"self":[{"href":"https:\/\/infortecbv.com.br\/index.php\/wp-json\/wp\/v2\/product\/315","targetHints":{"allow":["GET"]}}],"collection":[{"href":"https:\/\/infortecbv.com.br\/index.php\/wp-json\/wp\/v2\/product"}],"about":[{"href":"https:\/\/infortecbv.com.br\/index.php\/wp-json\/wp\/v2\/types\/product"}],"replies":[{"embeddable":true,"href":"https:\/\/infortecbv.com.br\/index.php\/wp-json\/wp\/v2\/comments?post=315"}],"wp:featuredmedia":[{"embeddable":true,"href":"https:\/\/infortecbv.com.br\/index.php\/wp-json\/wp\/v2\/media\/316"}],"wp:attachment":[{"href":"https:\/\/infortecbv.com.br\/index.php\/wp-json\/wp\/v2\/media?parent=315"}],"wp:term":[{"taxonomy":"product_brand","embeddable":true,"href":"https:\/\/infortecbv.com.br\/index.php\/wp-json\/wp\/v2\/product_brand?post=315"},{"taxonomy":"product_cat","embeddable":true,"href":"https:\/\/infortecbv.com.br\/index.php\/wp-json\/wp\/v2\/product_cat?post=315"},{"taxonomy":"product_tag","embeddable":true,"href":"https:\/\/infortecbv.com.br\/index.php\/wp-json\/wp\/v2\/product_tag?post=315"}],"curies":[{"name":"wp","href":"https:\/\/api.w.org\/{rel}","templated":true}]}}