{"id":325,"date":"2024-11-08T16:38:50","date_gmt":"2024-11-08T19:38:50","guid":{"rendered":"https:\/\/infortecbv.com.br\/?post_type=product&#038;p=325"},"modified":"2025-10-31T22:59:08","modified_gmt":"2025-11-01T01:59:08","slug":"fone-wireless-airdots-xiaomi","status":"publish","type":"product","link":"https:\/\/infortecbv.com.br\/index.php\/product\/fone-wireless-airdots-xiaomi\/","title":{"rendered":"FONE WIRELESS AIRDOTS XIAOMI"},"content":{"rendered":"<p>Com um desenho inspirado na simplicidade, os Redmi AirDots 2 tem um estilo \u00fanico.<\/p>\n<p>Possuem Bluetooth 5.0 que permite conex\u00e3o a longas dist\u00e2ncias e oferece uma melhor resist\u00eancia as interfer\u00eancias sem fio, para que voc\u00ea possa manter uma conex\u00e3o s\u00f3lida o tempo todo.<\/p>\n<p>Sua tecnologia tws (True Wireless Stereo) elimina os cabos irritantes e faz que voc\u00ea desfrute de ritmos e melodias que fluem livremente.<br \/>\nO Redmi AirDots 2 vem com um grande driver de som din\u00e2mico l\u00edder na classe, para oferecer um som mais forte e melhor experi\u00eancia de graves.A tecnologia de cancelamento de ru\u00eddo ambiental dsp aprimora sua experi\u00eancia de chamada, suprimindo o ru\u00eddo ambiente para tornar sua voz mais clara do lado receptor.<br \/>\nO Redmi AirDots 2 vem com uma fun\u00e7\u00e3o de fone de ouvido \u00fanico e duplo que permite que voc\u00ea obtenha uma experi\u00eancia mono ou est\u00e9reo com um emparelhamento sem complica\u00e7\u00f5es<\/p>\n","protected":false},"excerpt":{"rendered":"<p>Com um desenho inspirado na simplicidade, os Redmi AirDots 2 tem um estilo \u00fanico. Possuem Bluetooth 5.0 que permite conex\u00e3o a longas dist\u00e2ncias e oferece uma melhor resist\u00eancia as interfer\u00eancias sem fio, para que voc\u00ea possa manter uma conex\u00e3o s\u00f3lida o tempo todo. Sua tecnologia tws (True Wireless Stereo) elimina os cabos irritantes e faz [&hellip;]<\/p>\n","protected":false},"featured_media":326,"comment_status":"open","ping_status":"closed","template":"","meta":[],"product_brand":[],"product_cat":[36],"product_tag":[],"class_list":{"0":"post-325","1":"product","2":"type-product","3":"status-publish","4":"has-post-thumbnail","6":"product_cat-fones-com-fio","8":"first","9":"instock","10":"sale","11":"shipping-taxable","12":"purchasable","13":"product-type-simple"},"_links":{"self":[{"href":"https:\/\/infortecbv.com.br\/index.php\/wp-json\/wp\/v2\/product\/325","targetHints":{"allow":["GET"]}}],"collection":[{"href":"https:\/\/infortecbv.com.br\/index.php\/wp-json\/wp\/v2\/product"}],"about":[{"href":"https:\/\/infortecbv.com.br\/index.php\/wp-json\/wp\/v2\/types\/product"}],"replies":[{"embeddable":true,"href":"https:\/\/infortecbv.com.br\/index.php\/wp-json\/wp\/v2\/comments?post=325"}],"wp:featuredmedia":[{"embeddable":true,"href":"https:\/\/infortecbv.com.br\/index.php\/wp-json\/wp\/v2\/media\/326"}],"wp:attachment":[{"href":"https:\/\/infortecbv.com.br\/index.php\/wp-json\/wp\/v2\/media?parent=325"}],"wp:term":[{"taxonomy":"product_brand","embeddable":true,"href":"https:\/\/infortecbv.com.br\/index.php\/wp-json\/wp\/v2\/product_brand?post=325"},{"taxonomy":"product_cat","embeddable":true,"href":"https:\/\/infortecbv.com.br\/index.php\/wp-json\/wp\/v2\/product_cat?post=325"},{"taxonomy":"product_tag","embeddable":true,"href":"https:\/\/infortecbv.com.br\/index.php\/wp-json\/wp\/v2\/product_tag?post=325"}],"curies":[{"name":"wp","href":"https:\/\/api.w.org\/{rel}","templated":true}]}}