{"id":327,"date":"2024-11-08T16:52:37","date_gmt":"2024-11-08T19:52:37","guid":{"rendered":"https:\/\/infortecbv.com.br\/?post_type=product&#038;p=327"},"modified":"2026-01-17T19:52:35","modified_gmt":"2026-01-17T22:52:35","slug":"monitor-21-5-hdmi-vga-goldentec","status":"publish","type":"product","link":"https:\/\/infortecbv.com.br\/index.php\/product\/monitor-21-5-hdmi-vga-goldentec\/","title":{"rendered":"MONITOR 21.5&#8243; HDMI VGA GOLDENTEC"},"content":{"rendered":"<table>\n<tbody>\n<tr>\n<td><b>Marca<\/b><\/td>\n<td>Goldentec<\/td>\n<\/tr>\n<tr>\n<td><b>Modelo<\/b><\/td>\n<td>Monitor 21,5&#8243;&#8221; Goldentec Full HD Flat 60Hz<\/td>\n<\/tr>\n<tr>\n<td><b>Cor<\/b><\/td>\n<td>Preto<\/td>\n<\/tr>\n<tr>\n<td><b>Tamanho da tela<\/b><\/td>\n<td>21,5&#8243;&#8221;<\/td>\n<\/tr>\n<tr>\n<td><b>Tipo de Painel<\/b><\/td>\n<td>VA<\/td>\n<\/tr>\n<tr>\n<td><b>Resolu\u00e7\u00e3o<\/b><\/td>\n<td>1920&#215;1080 (Full HD)<\/td>\n<\/tr>\n<tr>\n<td><b>Tempo de resposta<\/b><\/td>\n<td>5ms<\/td>\n<\/tr>\n<tr>\n<td><b>Brilho<\/b><\/td>\n<td>200cd\/m2<\/td>\n<\/tr>\n<tr>\n<td><b>Contraste<\/b><\/td>\n<td>3000:1<\/td>\n<\/tr>\n<tr>\n<td><b>\u00c2ngulo de vis\u00e3o<\/b><\/td>\n<td>178\u00b0 H \/ 178\u00b0 V<\/td>\n<\/tr>\n<tr>\n<td><b>Cores<\/b><\/td>\n<td>16.7 milh\u00f5es<\/td>\n<\/tr>\n<tr>\n<td><b>Inclina\u00e7\u00e3o Ajust\u00e1vel<\/b><\/td>\n<td>Sim<\/td>\n<\/tr>\n<tr>\n<td><b>Propor\u00e7\u00e3o de tela<\/b><\/td>\n<td>16:09<\/td>\n<\/tr>\n<tr>\n<td><b>Conex\u00f5es<\/b><\/td>\n<td>1 HDMI + 1 VGA<\/td>\n<\/tr>\n<tr>\n<td><b>Tipo de uso<\/b><\/td>\n<td>Office<\/td>\n<\/tr>\n<tr>\n<td><b>VESA<\/b><\/td>\n<td>100*100mm<\/td>\n<\/tr>\n<tr>\n<td><b>Curvatura da tela<\/b><\/td>\n<td>Flat<\/td>\n<\/tr>\n<tr>\n<td><b>Taxa de atualiza\u00e7\u00e3o<\/b><\/td>\n<td>60Hz<\/td>\n<\/tr>\n<tr>\n<td><b>Estrutura<\/b><\/td>\n<td>Padr\u00e3o<\/td>\n<\/tr>\n<tr>\n<td><b>Voltagem<\/b><\/td>\n<td>Bivolt<\/td>\n<\/tr>\n<tr>\n<td><b>Peso<\/b><\/td>\n<td>2,5kg<\/td>\n<\/tr>\n<tr>\n<td><b>Dimens\u00f5es<\/b><\/td>\n<td>516mm x 163mm x 394 mm<\/td>\n<\/tr>\n<tr>\n<td><b>Conte\u00fado da embalagem<\/b><\/td>\n<td>Monitor 21,5&#8243;&#8221; Goldentec + Cabo HDMI + Cabo de alimenta\u00e7\u00e3o + Manual<\/td>\n<\/tr>\n<\/tbody>\n<\/table>\n","protected":false},"excerpt":{"rendered":"<p>Marca Goldentec Modelo Monitor 21,5&#8243;&#8221; Goldentec Full HD Flat 60Hz Cor Preto Tamanho da tela 21,5&#8243;&#8221; Tipo de Painel VA Resolu\u00e7\u00e3o 1920&#215;1080 (Full HD) Tempo de resposta 5ms Brilho 200cd\/m2 Contraste 3000:1 \u00c2ngulo de vis\u00e3o 178\u00b0 H \/ 178\u00b0 V Cores 16.7 milh\u00f5es Inclina\u00e7\u00e3o Ajust\u00e1vel Sim Propor\u00e7\u00e3o de tela 16:09 Conex\u00f5es 1 HDMI + 1 [&hellip;]<\/p>\n","protected":false},"featured_media":328,"comment_status":"open","ping_status":"closed","template":"","meta":[],"product_brand":[],"product_cat":[34],"product_tag":[],"class_list":{"0":"post-327","1":"product","2":"type-product","3":"status-publish","4":"has-post-thumbnail","6":"product_cat-informatica-e-eletronicos","8":"first","9":"instock","10":"sale","11":"shipping-taxable","12":"purchasable","13":"product-type-simple"},"_links":{"self":[{"href":"https:\/\/infortecbv.com.br\/index.php\/wp-json\/wp\/v2\/product\/327","targetHints":{"allow":["GET"]}}],"collection":[{"href":"https:\/\/infortecbv.com.br\/index.php\/wp-json\/wp\/v2\/product"}],"about":[{"href":"https:\/\/infortecbv.com.br\/index.php\/wp-json\/wp\/v2\/types\/product"}],"replies":[{"embeddable":true,"href":"https:\/\/infortecbv.com.br\/index.php\/wp-json\/wp\/v2\/comments?post=327"}],"wp:featuredmedia":[{"embeddable":true,"href":"https:\/\/infortecbv.com.br\/index.php\/wp-json\/wp\/v2\/media\/328"}],"wp:attachment":[{"href":"https:\/\/infortecbv.com.br\/index.php\/wp-json\/wp\/v2\/media?parent=327"}],"wp:term":[{"taxonomy":"product_brand","embeddable":true,"href":"https:\/\/infortecbv.com.br\/index.php\/wp-json\/wp\/v2\/product_brand?post=327"},{"taxonomy":"product_cat","embeddable":true,"href":"https:\/\/infortecbv.com.br\/index.php\/wp-json\/wp\/v2\/product_cat?post=327"},{"taxonomy":"product_tag","embeddable":true,"href":"https:\/\/infortecbv.com.br\/index.php\/wp-json\/wp\/v2\/product_tag?post=327"}],"curies":[{"name":"wp","href":"https:\/\/api.w.org\/{rel}","templated":true}]}}