{"id":329,"date":"2024-11-08T17:12:02","date_gmt":"2024-11-08T20:12:02","guid":{"rendered":"https:\/\/infortecbv.com.br\/?post_type=product&#038;p=329"},"modified":"2025-10-31T22:54:57","modified_gmt":"2025-11-01T01:54:57","slug":"computador-ot2-i3-4-500-linux-everex","status":"publish","type":"product","link":"https:\/\/infortecbv.com.br\/index.php\/product\/computador-ot2-i3-4-500-linux-everex\/","title":{"rendered":"COMPUTADOR OT2 (I3, 4, 500, LINUX) EVEREX"},"content":{"rendered":"<p><strong>::Especifica\u00e7\u00f5es t\u00e9cnicas<\/strong><\/p>\n<p>Marca: Everex<br \/>\nModelo: OT2 EVRCi3A45L<br \/>\nSistema Operacional: Linux<\/p>\n<p><strong>Processador:<\/strong><br \/>\n&#8211; Intel\u00ae Core i3-330M<br \/>\n&#8211; Velocidade de 2.13GHz<br \/>\n&#8211; Cache: 3MB<\/p>\n<p><strong>Mem\u00f3ria:<\/strong><br \/>\n&#8211; 4GB<br \/>\n&#8211; DDR3<\/p>\n<p><strong>Armazenamento:<\/strong><br \/>\n&#8211; HD 500GB<\/p>\n<p><strong>Graficos:<\/strong><br \/>\n&#8211; Gr\u00e1ficos Integrados Intel\u00ae Graphics<\/p>\n<p><strong>\u00c1udio:<\/strong><br \/>\n&#8211; Realtek\u00ae ALC 662<\/p>\n<p><strong>Rede:<\/strong><br \/>\n&#8211; Realtek Gigabit Ethernet 10\/100 Mbps<\/p>\n<p><strong>Sa\u00eddas e Conectores:<\/strong><br \/>\n&#8211; 1x VGA<br \/>\n&#8211; 1x HDMI<br \/>\n&#8211; 6x USB2.0<br \/>\n&#8211; 1x LAN (RJ45)<br \/>\n&#8211; 3x audio jacks<\/p>\n<p><strong>Slots de expans\u00e3o:<\/strong><br \/>\n&#8211; 1 x PCIe 3.0\/2.0 x16<\/p>\n","protected":false},"excerpt":{"rendered":"<p>::Especifica\u00e7\u00f5es t\u00e9cnicas Marca: Everex Modelo: OT2 EVRCi3A45L Sistema Operacional: Linux Processador: &#8211; Intel\u00ae Core i3-330M &#8211; Velocidade de 2.13GHz &#8211; Cache: 3MB Mem\u00f3ria: &#8211; 4GB &#8211; DDR3 Armazenamento: &#8211; HD 500GB Graficos: &#8211; Gr\u00e1ficos Integrados Intel\u00ae Graphics \u00c1udio: &#8211; Realtek\u00ae ALC 662 Rede: &#8211; Realtek Gigabit Ethernet 10\/100 Mbps Sa\u00eddas e Conectores: &#8211; 1x VGA [&hellip;]<\/p>\n","protected":false},"featured_media":330,"comment_status":"open","ping_status":"closed","template":"","meta":[],"product_brand":[],"product_cat":[33],"product_tag":[],"class_list":{"0":"post-329","1":"product","2":"type-product","3":"status-publish","4":"has-post-thumbnail","6":"product_cat-desktops-e-notebooks","8":"first","9":"instock","10":"shipping-taxable","11":"purchasable","12":"product-type-simple"},"_links":{"self":[{"href":"https:\/\/infortecbv.com.br\/index.php\/wp-json\/wp\/v2\/product\/329","targetHints":{"allow":["GET"]}}],"collection":[{"href":"https:\/\/infortecbv.com.br\/index.php\/wp-json\/wp\/v2\/product"}],"about":[{"href":"https:\/\/infortecbv.com.br\/index.php\/wp-json\/wp\/v2\/types\/product"}],"replies":[{"embeddable":true,"href":"https:\/\/infortecbv.com.br\/index.php\/wp-json\/wp\/v2\/comments?post=329"}],"wp:featuredmedia":[{"embeddable":true,"href":"https:\/\/infortecbv.com.br\/index.php\/wp-json\/wp\/v2\/media\/330"}],"wp:attachment":[{"href":"https:\/\/infortecbv.com.br\/index.php\/wp-json\/wp\/v2\/media?parent=329"}],"wp:term":[{"taxonomy":"product_brand","embeddable":true,"href":"https:\/\/infortecbv.com.br\/index.php\/wp-json\/wp\/v2\/product_brand?post=329"},{"taxonomy":"product_cat","embeddable":true,"href":"https:\/\/infortecbv.com.br\/index.php\/wp-json\/wp\/v2\/product_cat?post=329"},{"taxonomy":"product_tag","embeddable":true,"href":"https:\/\/infortecbv.com.br\/index.php\/wp-json\/wp\/v2\/product_tag?post=329"}],"curies":[{"name":"wp","href":"https:\/\/api.w.org\/{rel}","templated":true}]}}