{"id":368,"date":"2026-02-06T15:27:41","date_gmt":"2026-02-06T18:27:41","guid":{"rendered":"https:\/\/infortecbv.com.br\/?post_type=product&#038;p=368"},"modified":"2026-02-06T15:27:42","modified_gmt":"2026-02-06T18:27:42","slug":"kit-parafusadeira-e-furadeira-360-com-46-pcs-portatil-domestica-carregador-usb-leve-e-pratico-bom-9912","status":"publish","type":"product","link":"https:\/\/infortecbv.com.br\/index.php\/product\/kit-parafusadeira-e-furadeira-360-com-46-pcs-portatil-domestica-carregador-usb-leve-e-pratico-bom-9912\/","title":{"rendered":"kit Parafusadeira e furadeira 360 com 46 p\u00e7s port\u00e1til Dom\u00e9stica Carregador usb Leve e Pr\u00e1tico (BOM-9912)"},"content":{"rendered":"<p><img fetchpriority=\"high\" decoding=\"async\" class=\"alignnone size-medium wp-image-369\" src=\"http:\/\/infortecbv.com.br\/wp-content\/uploads\/2026\/02\/51LA4WouBCL._AC_SX569_-300x300.jpg\" alt=\"\" width=\"300\" height=\"300\" srcset=\"https:\/\/infortecbv.com.br\/wp-content\/uploads\/2026\/02\/51LA4WouBCL._AC_SX569_-300x300.jpg 300w, https:\/\/infortecbv.com.br\/wp-content\/uploads\/2026\/02\/51LA4WouBCL._AC_SX569_-150x150.jpg 150w, https:\/\/infortecbv.com.br\/wp-content\/uploads\/2026\/02\/51LA4WouBCL._AC_SX569_-100x100.jpg 100w, https:\/\/infortecbv.com.br\/wp-content\/uploads\/2026\/02\/51LA4WouBCL._AC_SX569_.jpg 569w\" sizes=\"(max-width: 300px) 100vw, 300px\" \/><\/p>\n","protected":false},"excerpt":{"rendered":"","protected":false},"featured_media":369,"comment_status":"open","ping_status":"closed","template":"","meta":[],"product_brand":[],"product_cat":[34],"product_tag":[],"class_list":{"0":"post-368","1":"product","2":"type-product","3":"status-publish","4":"has-post-thumbnail","6":"product_cat-informatica-e-eletronicos","8":"first","9":"instock","10":"shipping-taxable","11":"purchasable","12":"product-type-simple"},"_links":{"self":[{"href":"https:\/\/infortecbv.com.br\/index.php\/wp-json\/wp\/v2\/product\/368","targetHints":{"allow":["GET"]}}],"collection":[{"href":"https:\/\/infortecbv.com.br\/index.php\/wp-json\/wp\/v2\/product"}],"about":[{"href":"https:\/\/infortecbv.com.br\/index.php\/wp-json\/wp\/v2\/types\/product"}],"replies":[{"embeddable":true,"href":"https:\/\/infortecbv.com.br\/index.php\/wp-json\/wp\/v2\/comments?post=368"}],"wp:featuredmedia":[{"embeddable":true,"href":"https:\/\/infortecbv.com.br\/index.php\/wp-json\/wp\/v2\/media\/369"}],"wp:attachment":[{"href":"https:\/\/infortecbv.com.br\/index.php\/wp-json\/wp\/v2\/media?parent=368"}],"wp:term":[{"taxonomy":"product_brand","embeddable":true,"href":"https:\/\/infortecbv.com.br\/index.php\/wp-json\/wp\/v2\/product_brand?post=368"},{"taxonomy":"product_cat","embeddable":true,"href":"https:\/\/infortecbv.com.br\/index.php\/wp-json\/wp\/v2\/product_cat?post=368"},{"taxonomy":"product_tag","embeddable":true,"href":"https:\/\/infortecbv.com.br\/index.php\/wp-json\/wp\/v2\/product_tag?post=368"}],"curies":[{"name":"wp","href":"https:\/\/api.w.org\/{rel}","templated":true}]}}